{"id":126,"date":"2024-07-07T05:21:35","date_gmt":"2024-07-07T05:21:35","guid":{"rendered":"https:\/\/allianzingecon.cl\/?page_id=126"},"modified":"2024-07-12T20:09:00","modified_gmt":"2024-07-12T20:09:00","slug":"servicios-2","status":"publish","type":"page","link":"https:\/\/allianzingecon.cl\/index.php\/servicios\/servicios-2\/","title":{"rendered":"Servicios"},"content":{"rendered":"\n\t<section class=\"section dark\" id=\"section_502869364\">\n\t\t<div class=\"bg section-bg fill bg-fill  \" >\n\n\t\t\t\n\t\t\t<div class=\"section-bg-overlay absolute fill\"><\/div><button class=\"scroll-for-more z-5 icon absolute bottom h-center\" aria-label=\"Scroll for more\"><i class=\"icon-angle-down\" style=\"font-size:42px;\"><\/i><\/button>\n\t\t\t\n\n\t\t<\/div>\n\n\t\t<div class=\"section-content relative\">\n\t\t\t\n\n<div class=\"row align-center\"  id=\"row-479830645\">\n\n\n\t<div id=\"col-547759056\" class=\"col medium-6 small-12 large-5\"  >\n\t\t\t\t<div class=\"col-inner text-center\"  >\n\t\t\t\n\t\t\t\n\n\t<div id=\"gap-1129469068\" class=\"gap-element clearfix\" style=\"display:block; height:auto;\">\n\t\t\n<style>\n#gap-1129469068 {\n  padding-top: 40px;\n}\n<\/style>\n\t<\/div>\n\t\n\n\t<div id=\"text-3517720534\" class=\"text\">\n\t\t\n\n<h1>Nuestros Servicios<\/h1>\n\t\t\n<style>\n#text-3517720534 {\n  font-size: 1.5rem;\n}\n<\/style>\n\t<\/div>\n\t\n\n\t\t<\/div>\n\t\t\t\t\t<\/div>\n\n\t\n\n<\/div>\n\n\t\t<\/div>\n\n\t\t\n<style>\n#section_502869364 {\n  padding-top: 30px;\n  padding-bottom: 30px;\n  min-height: 350px;\n}\n#section_502869364 .section-bg-overlay {\n  background-color: rgba(0,0,0,.5);\n}\n#section_502869364 .section-bg.bg-loaded {\n  background-image: url(https:\/\/allianzingecon.cl\/wp-content\/uploads\/2024\/07\/industria-de-la-construccion-e-i.webp);\n}\n<\/style>\n\t<\/section>\n\t\n\t<section class=\"section\" id=\"section_593383022\">\n\t\t<div class=\"bg section-bg fill bg-fill  bg-loaded\" >\n\n\t\t\t\n\t\t\t\n\t\t\t\n\n\t\t<\/div>\n\n\t\t<div class=\"section-content relative\">\n\t\t\t\n\n<div class=\"row\"  id=\"row-1867907032\">\n\n\n\t<div id=\"col-996001474\" class=\"col small-12 large-12\"  >\n\t\t\t\t<div class=\"col-inner\"  >\n\t\t\t\n\t\t\t\n\n\t<div id=\"text-1896120762\" class=\"text\">\n\t\t\n\n<h3><span style=\"font-size: 100%;\">Nuestra constructora cuenta con profesionales experimentados y mano de obra capacitada, lo cual nos ha permitido ejecutar proyectos de construcci\u00f3n de obras de edificaci\u00f3n y de infraestructura para empresas. Nuestros servicios como constructora son:<\/span><\/h3>\n<h4><span style=\"font-size: 100%;\">SERVICIOS<\/span><\/h4>\n<ul>\n<li>\n<h4><span style=\"font-size: 100%;\"><strong><img loading=\"lazy\" decoding=\"async\" class=\"alignnone  wp-image-35\" src=\"https:\/\/allianzingecon.cl\/wp-content\/uploads\/2024\/05\/building_icon_240433-300x300.png\" alt=\"\" width=\"37\" height=\"37\" srcset=\"https:\/\/allianzingecon.cl\/wp-content\/uploads\/2024\/05\/building_icon_240433-300x300.png 300w, https:\/\/allianzingecon.cl\/wp-content\/uploads\/2024\/05\/building_icon_240433-150x150.png 150w, https:\/\/allianzingecon.cl\/wp-content\/uploads\/2024\/05\/building_icon_240433-100x100.png 100w, https:\/\/allianzingecon.cl\/wp-content\/uploads\/2024\/05\/building_icon_240433.png 512w\" sizes=\"auto, (max-width: 37px) 100vw, 37px\" \/> Construcci\u00f3n de edificios habitacionales y de oficinas.<\/strong><\/span><\/h4>\n<\/li>\n<li>\n<h4><span style=\"font-size: 100%;\"><strong><img loading=\"lazy\" decoding=\"async\" class=\"alignnone  wp-image-35\" src=\"https:\/\/allianzingecon.cl\/wp-content\/uploads\/2024\/05\/building_icon_240433-300x300.png\" alt=\"\" width=\"37\" height=\"37\" srcset=\"https:\/\/allianzingecon.cl\/wp-content\/uploads\/2024\/05\/building_icon_240433-300x300.png 300w, https:\/\/allianzingecon.cl\/wp-content\/uploads\/2024\/05\/building_icon_240433-150x150.png 150w, https:\/\/allianzingecon.cl\/wp-content\/uploads\/2024\/05\/building_icon_240433-100x100.png 100w, https:\/\/allianzingecon.cl\/wp-content\/uploads\/2024\/05\/building_icon_240433.png 512w\" sizes=\"auto, (max-width: 37px) 100vw, 37px\" \/> <\/strong><strong>Construcci\u00f3n y habilitaci\u00f3n de infraestructura de empresas.<\/strong><\/span><\/h4>\n<\/li>\n<li>\n<h4><span style=\"font-size: 100%;\"><strong><img loading=\"lazy\" decoding=\"async\" class=\"alignnone  wp-image-35\" src=\"https:\/\/allianzingecon.cl\/wp-content\/uploads\/2024\/05\/building_icon_240433-300x300.png\" alt=\"\" width=\"37\" height=\"37\" srcset=\"https:\/\/allianzingecon.cl\/wp-content\/uploads\/2024\/05\/building_icon_240433-300x300.png 300w, https:\/\/allianzingecon.cl\/wp-content\/uploads\/2024\/05\/building_icon_240433-150x150.png 150w, https:\/\/allianzingecon.cl\/wp-content\/uploads\/2024\/05\/building_icon_240433-100x100.png 100w, https:\/\/allianzingecon.cl\/wp-content\/uploads\/2024\/05\/building_icon_240433.png 512w\" sizes=\"auto, (max-width: 37px) 100vw, 37px\" \/> <\/strong><strong>Construcci\u00f3n y remodelaci\u00f3n de viviendas residenciales.<\/strong><\/span><\/h4>\n<\/li>\n<li>\n<h4><span style=\"font-size: 100%;\"><strong><img loading=\"lazy\" decoding=\"async\" class=\"alignnone  wp-image-35\" src=\"https:\/\/allianzingecon.cl\/wp-content\/uploads\/2024\/05\/building_icon_240433-300x300.png\" alt=\"\" width=\"37\" height=\"37\" srcset=\"https:\/\/allianzingecon.cl\/wp-content\/uploads\/2024\/05\/building_icon_240433-300x300.png 300w, https:\/\/allianzingecon.cl\/wp-content\/uploads\/2024\/05\/building_icon_240433-150x150.png 150w, https:\/\/allianzingecon.cl\/wp-content\/uploads\/2024\/05\/building_icon_240433-100x100.png 100w, https:\/\/allianzingecon.cl\/wp-content\/uploads\/2024\/05\/building_icon_240433.png 512w\" sizes=\"auto, (max-width: 37px) 100vw, 37px\" \/> <\/strong><strong>Construcci\u00f3n y habilitaci\u00f3n de colegios.<\/strong><\/span><\/h4>\n<\/li>\n<li>\n<h4><span style=\"font-size: 100%;\"><strong><img loading=\"lazy\" decoding=\"async\" class=\"alignnone  wp-image-35\" src=\"https:\/\/allianzingecon.cl\/wp-content\/uploads\/2024\/05\/building_icon_240433-300x300.png\" alt=\"\" width=\"37\" height=\"37\" srcset=\"https:\/\/allianzingecon.cl\/wp-content\/uploads\/2024\/05\/building_icon_240433-300x300.png 300w, https:\/\/allianzingecon.cl\/wp-content\/uploads\/2024\/05\/building_icon_240433-150x150.png 150w, https:\/\/allianzingecon.cl\/wp-content\/uploads\/2024\/05\/building_icon_240433-100x100.png 100w, https:\/\/allianzingecon.cl\/wp-content\/uploads\/2024\/05\/building_icon_240433.png 512w\" sizes=\"auto, (max-width: 37px) 100vw, 37px\" \/> <\/strong><strong>Construcci\u00f3n de \u00e1reas verdes y plazas de uso p\u00fablico y privado.<\/strong><\/span><\/h4>\n<\/li>\n<li>\n<h4><span style=\"font-size: 100%;\"><strong><img loading=\"lazy\" decoding=\"async\" class=\"alignnone  wp-image-35\" src=\"https:\/\/allianzingecon.cl\/wp-content\/uploads\/2024\/05\/building_icon_240433-300x300.png\" alt=\"\" width=\"37\" height=\"37\" srcset=\"https:\/\/allianzingecon.cl\/wp-content\/uploads\/2024\/05\/building_icon_240433-300x300.png 300w, https:\/\/allianzingecon.cl\/wp-content\/uploads\/2024\/05\/building_icon_240433-150x150.png 150w, https:\/\/allianzingecon.cl\/wp-content\/uploads\/2024\/05\/building_icon_240433-100x100.png 100w, https:\/\/allianzingecon.cl\/wp-content\/uploads\/2024\/05\/building_icon_240433.png 512w\" sizes=\"auto, (max-width: 37px) 100vw, 37px\" \/>\u00a0<\/strong><strong>Movimiento de tierras.<\/strong><\/span><\/h4>\n<\/li>\n<li>\n<h4><span style=\"font-size: 100%;\"><strong><img loading=\"lazy\" decoding=\"async\" class=\"alignnone  wp-image-35\" src=\"https:\/\/allianzingecon.cl\/wp-content\/uploads\/2024\/05\/building_icon_240433-300x300.png\" alt=\"\" width=\"37\" height=\"37\" srcset=\"https:\/\/allianzingecon.cl\/wp-content\/uploads\/2024\/05\/building_icon_240433-300x300.png 300w, https:\/\/allianzingecon.cl\/wp-content\/uploads\/2024\/05\/building_icon_240433-150x150.png 150w, https:\/\/allianzingecon.cl\/wp-content\/uploads\/2024\/05\/building_icon_240433-100x100.png 100w, https:\/\/allianzingecon.cl\/wp-content\/uploads\/2024\/05\/building_icon_240433.png 512w\" sizes=\"auto, (max-width: 37px) 100vw, 37px\" \/> <\/strong><strong>Demoliciones.<\/strong><\/span><\/h4>\n<\/li>\n<\/ul>\n<p>\u00a0<\/p>\n\t\t\n<style>\n#text-1896120762 {\n  line-height: 1.9;\n  text-align: left;\n}\n<\/style>\n\t<\/div>\n\t\n\n\t\t<\/div>\n\t\t\t\t\t<\/div>\n\n\t\n\n<\/div>\n\t<div id=\"gap-1781540527\" class=\"gap-element clearfix\" style=\"display:block; height:auto;\">\n\t\t\n<style>\n#gap-1781540527 {\n  padding-top: 30px;\n}\n<\/style>\n\t<\/div>\n\t\n\n<div class=\"row row-large\"  id=\"row-1280190336\">\n\n\n\t<div id=\"col-1490549257\" class=\"col medium-4 small-12 large-4\"  >\n\t\t\t\t<div class=\"col-inner\"  >\n\t\t\t\n\t\t\t\n\n\n\t\t<div class=\"icon-box featured-box icon-box-center text-center\"  >\n\t\t\t\t<div class=\"icon-box-text last-reset\">\n\t\t\t\t\t\t\t\t\t\n\n\t<div class=\"img has-hover x md-x lg-x y md-y lg-y\" id=\"image_1770931108\">\n\t\t\t\t\t\t\t\t<div class=\"img-inner dark\" >\n\t\t\t<img loading=\"lazy\" decoding=\"async\" width=\"1020\" height=\"816\" src=\"https:\/\/allianzingecon.cl\/wp-content\/uploads\/2024\/05\/WhatsApp-Image-2024-05-08-at-18.49.51-1024x819.jpeg\" class=\"attachment-large size-large\" alt=\"\" srcset=\"https:\/\/allianzingecon.cl\/wp-content\/uploads\/2024\/05\/WhatsApp-Image-2024-05-08-at-18.49.51-1024x819.jpeg 1024w, https:\/\/allianzingecon.cl\/wp-content\/uploads\/2024\/05\/WhatsApp-Image-2024-05-08-at-18.49.51-300x240.jpeg 300w, https:\/\/allianzingecon.cl\/wp-content\/uploads\/2024\/05\/WhatsApp-Image-2024-05-08-at-18.49.51-768x614.jpeg 768w, https:\/\/allianzingecon.cl\/wp-content\/uploads\/2024\/05\/WhatsApp-Image-2024-05-08-at-18.49.51-600x480.jpeg 600w, https:\/\/allianzingecon.cl\/wp-content\/uploads\/2024\/05\/WhatsApp-Image-2024-05-08-at-18.49.51.jpeg 1500w\" sizes=\"auto, (max-width: 1020px) 100vw, 1020px\" \/>\t\t\t\t\t\t\n\t\t\t\t\t<\/div>\n\t\t\t\t\t\t\t\t\n<style>\n#image_1770931108 {\n  width: 100%;\n}\n<\/style>\n\t<\/div>\n\t\n\n\n\t\t<\/div>\n\t<\/div>\n\t\n\t\n\n\t\t<\/div>\n\t\t\t\t\t<\/div>\n\n\t\n\n\t<div id=\"col-1177437962\" class=\"col medium-4 small-12 large-4\"  >\n\t\t\t\t<div class=\"col-inner\"  >\n\t\t\t\n\t\t\t\n\n\n\t\t<div class=\"icon-box featured-box icon-box-center text-center\"  >\n\t\t\t\t<div class=\"icon-box-text last-reset\">\n\t\t\t\t\t\t\t\t\t\n\n\t<div class=\"img has-hover x md-x lg-x y md-y lg-y\" id=\"image_881626253\">\n\t\t\t\t\t\t\t\t<div class=\"img-inner dark\" >\n\t\t\t<img loading=\"lazy\" decoding=\"async\" width=\"576\" height=\"1024\" src=\"https:\/\/allianzingecon.cl\/wp-content\/uploads\/2024\/05\/WhatsApp-Image-2024-05-08-at-18.50.00-576x1024.jpeg\" class=\"attachment-large size-large\" alt=\"\" srcset=\"https:\/\/allianzingecon.cl\/wp-content\/uploads\/2024\/05\/WhatsApp-Image-2024-05-08-at-18.50.00-576x1024.jpeg 576w, https:\/\/allianzingecon.cl\/wp-content\/uploads\/2024\/05\/WhatsApp-Image-2024-05-08-at-18.50.00-169x300.jpeg 169w, https:\/\/allianzingecon.cl\/wp-content\/uploads\/2024\/05\/WhatsApp-Image-2024-05-08-at-18.50.00-768x1365.jpeg 768w, https:\/\/allianzingecon.cl\/wp-content\/uploads\/2024\/05\/WhatsApp-Image-2024-05-08-at-18.50.00-864x1536.jpeg 864w, https:\/\/allianzingecon.cl\/wp-content\/uploads\/2024\/05\/WhatsApp-Image-2024-05-08-at-18.50.00-600x1067.jpeg 600w, https:\/\/allianzingecon.cl\/wp-content\/uploads\/2024\/05\/WhatsApp-Image-2024-05-08-at-18.50.00.jpeg 900w\" sizes=\"auto, (max-width: 576px) 100vw, 576px\" \/>\t\t\t\t\t\t\n\t\t\t\t\t<\/div>\n\t\t\t\t\t\t\t\t\n<style>\n#image_881626253 {\n  width: 100%;\n}\n<\/style>\n\t<\/div>\n\t\n\n\n\t\t<\/div>\n\t<\/div>\n\t\n\t\n\n\t\t<\/div>\n\t\t\t\t\t<\/div>\n\n\t\n\n\t<div id=\"col-415564696\" class=\"col medium-4 small-12 large-4\"  >\n\t\t\t\t<div class=\"col-inner\"  >\n\t\t\t\n\t\t\t\n\n\t<div class=\"img has-hover x md-x lg-x y md-y lg-y\" id=\"image_227114507\">\n\t\t\t\t\t\t\t\t<div class=\"img-inner dark\" >\n\t\t\t<img loading=\"lazy\" decoding=\"async\" width=\"1020\" height=\"612\" src=\"https:\/\/allianzingecon.cl\/wp-content\/uploads\/2024\/05\/fases-construccion-edificio_1-1024x614.jpg\" class=\"attachment-large size-large\" alt=\"\" srcset=\"https:\/\/allianzingecon.cl\/wp-content\/uploads\/2024\/05\/fases-construccion-edificio_1-1024x614.jpg 1024w, https:\/\/allianzingecon.cl\/wp-content\/uploads\/2024\/05\/fases-construccion-edificio_1-300x180.jpg 300w, https:\/\/allianzingecon.cl\/wp-content\/uploads\/2024\/05\/fases-construccion-edificio_1-768x461.jpg 768w, https:\/\/allianzingecon.cl\/wp-content\/uploads\/2024\/05\/fases-construccion-edificio_1-600x360.jpg 600w, https:\/\/allianzingecon.cl\/wp-content\/uploads\/2024\/05\/fases-construccion-edificio_1.jpg 1200w\" sizes=\"auto, (max-width: 1020px) 100vw, 1020px\" \/>\t\t\t\t\t\t\n\t\t\t\t\t<\/div>\n\t\t\t\t\t\t\t\t\n<style>\n#image_227114507 {\n  width: 100%;\n}\n<\/style>\n\t<\/div>\n\t\n\n\n\t\t<\/div>\n\t\t\t\t\t<\/div>\n\n\t\n\n\t<div id=\"col-1967454263\" class=\"col medium-4 small-12 large-4\"  >\n\t\t\t\t<div class=\"col-inner\"  >\n\t\t\t\n\t\t\t\n\n\n\t\t<\/div>\n\t\t\t\t\t<\/div>\n\n\t\n\n<\/div>\n\n\t\t<\/div>\n\n\t\t\n<style>\n#section_593383022 {\n  padding-top: 30px;\n  padding-bottom: 30px;\n}\n@media (min-width:550px) {\n  #section_593383022 {\n    padding-top: 100px;\n    padding-bottom: 100px;\n  }\n}\n<\/style>\n\t<\/section>\n\t\n\n","protected":false},"excerpt":{"rendered":"","protected":false},"author":1,"featured_media":0,"parent":68,"menu_order":0,"comment_status":"closed","ping_status":"closed","template":"page-blank.php","meta":{"footnotes":""},"class_list":["post-126","page","type-page","status-publish","hentry"],"yoast_head":"<!-- This site is optimized with the Yoast SEO plugin v27.3 - https:\/\/yoast.com\/product\/yoast-seo-wordpress\/ -->\n<title>Servicios - Allianz Ingenier\u00eda y Construcci\u00f3n<\/title>\n<meta name=\"robots\" content=\"index, follow, max-snippet:-1, max-image-preview:large, max-video-preview:-1\" \/>\n<link rel=\"canonical\" href=\"https:\/\/allianzingecon.cl\/index.php\/servicios\/servicios-2\/\" \/>\n<meta property=\"og:locale\" content=\"es_ES\" \/>\n<meta property=\"og:type\" content=\"article\" \/>\n<meta property=\"og:title\" content=\"Servicios - Allianz Ingenier\u00eda y Construcci\u00f3n\" \/>\n<meta property=\"og:url\" content=\"https:\/\/allianzingecon.cl\/index.php\/servicios\/servicios-2\/\" \/>\n<meta property=\"og:site_name\" content=\"Allianz Ingenier\u00eda y Construcci\u00f3n\" \/>\n<meta property=\"article:modified_time\" content=\"2024-07-12T20:09:00+00:00\" \/>\n<meta property=\"og:image\" content=\"https:\/\/allianzingecon.cl\/wp-content\/uploads\/2024\/05\/building_icon_240433-300x300.png\" \/>\n<meta name=\"twitter:card\" content=\"summary_large_image\" \/>\n<script type=\"application\/ld+json\" class=\"yoast-schema-graph\">{\"@context\":\"https:\\\/\\\/schema.org\",\"@graph\":[{\"@type\":\"WebPage\",\"@id\":\"https:\\\/\\\/allianzingecon.cl\\\/index.php\\\/servicios\\\/servicios-2\\\/\",\"url\":\"https:\\\/\\\/allianzingecon.cl\\\/index.php\\\/servicios\\\/servicios-2\\\/\",\"name\":\"Servicios - Allianz Ingenier\u00eda y Construcci\u00f3n\",\"isPartOf\":{\"@id\":\"https:\\\/\\\/allianzingecon.cl\\\/#website\"},\"primaryImageOfPage\":{\"@id\":\"https:\\\/\\\/allianzingecon.cl\\\/index.php\\\/servicios\\\/servicios-2\\\/#primaryimage\"},\"image\":{\"@id\":\"https:\\\/\\\/allianzingecon.cl\\\/index.php\\\/servicios\\\/servicios-2\\\/#primaryimage\"},\"thumbnailUrl\":\"https:\\\/\\\/allianzingecon.cl\\\/wp-content\\\/uploads\\\/2024\\\/05\\\/building_icon_240433-300x300.png\",\"datePublished\":\"2024-07-07T05:21:35+00:00\",\"dateModified\":\"2024-07-12T20:09:00+00:00\",\"breadcrumb\":{\"@id\":\"https:\\\/\\\/allianzingecon.cl\\\/index.php\\\/servicios\\\/servicios-2\\\/#breadcrumb\"},\"inLanguage\":\"es\",\"potentialAction\":[{\"@type\":\"ReadAction\",\"target\":[\"https:\\\/\\\/allianzingecon.cl\\\/index.php\\\/servicios\\\/servicios-2\\\/\"]}]},{\"@type\":\"ImageObject\",\"inLanguage\":\"es\",\"@id\":\"https:\\\/\\\/allianzingecon.cl\\\/index.php\\\/servicios\\\/servicios-2\\\/#primaryimage\",\"url\":\"https:\\\/\\\/allianzingecon.cl\\\/wp-content\\\/uploads\\\/2024\\\/05\\\/building_icon_240433.png\",\"contentUrl\":\"https:\\\/\\\/allianzingecon.cl\\\/wp-content\\\/uploads\\\/2024\\\/05\\\/building_icon_240433.png\",\"width\":512,\"height\":512},{\"@type\":\"BreadcrumbList\",\"@id\":\"https:\\\/\\\/allianzingecon.cl\\\/index.php\\\/servicios\\\/servicios-2\\\/#breadcrumb\",\"itemListElement\":[{\"@type\":\"ListItem\",\"position\":1,\"name\":\"Portada\",\"item\":\"https:\\\/\\\/allianzingecon.cl\\\/\"},{\"@type\":\"ListItem\",\"position\":2,\"name\":\"Servicios\",\"item\":\"https:\\\/\\\/allianzingecon.cl\\\/index.php\\\/servicios\\\/\"},{\"@type\":\"ListItem\",\"position\":3,\"name\":\"Servicios\"}]},{\"@type\":\"WebSite\",\"@id\":\"https:\\\/\\\/allianzingecon.cl\\\/#website\",\"url\":\"https:\\\/\\\/allianzingecon.cl\\\/\",\"name\":\"Allianz Ingenier\u00eda y Construcci\u00f3n\",\"description\":\"\",\"potentialAction\":[{\"@type\":\"SearchAction\",\"target\":{\"@type\":\"EntryPoint\",\"urlTemplate\":\"https:\\\/\\\/allianzingecon.cl\\\/?s={search_term_string}\"},\"query-input\":{\"@type\":\"PropertyValueSpecification\",\"valueRequired\":true,\"valueName\":\"search_term_string\"}}],\"inLanguage\":\"es\"}]}<\/script>\n<!-- \/ Yoast SEO plugin. -->","yoast_head_json":{"title":"Servicios - Allianz Ingenier\u00eda y Construcci\u00f3n","robots":{"index":"index","follow":"follow","max-snippet":"max-snippet:-1","max-image-preview":"max-image-preview:large","max-video-preview":"max-video-preview:-1"},"canonical":"https:\/\/allianzingecon.cl\/index.php\/servicios\/servicios-2\/","og_locale":"es_ES","og_type":"article","og_title":"Servicios - Allianz Ingenier\u00eda y Construcci\u00f3n","og_url":"https:\/\/allianzingecon.cl\/index.php\/servicios\/servicios-2\/","og_site_name":"Allianz Ingenier\u00eda y Construcci\u00f3n","article_modified_time":"2024-07-12T20:09:00+00:00","og_image":[{"url":"https:\/\/allianzingecon.cl\/wp-content\/uploads\/2024\/05\/building_icon_240433-300x300.png","type":"","width":"","height":""}],"twitter_card":"summary_large_image","schema":{"@context":"https:\/\/schema.org","@graph":[{"@type":"WebPage","@id":"https:\/\/allianzingecon.cl\/index.php\/servicios\/servicios-2\/","url":"https:\/\/allianzingecon.cl\/index.php\/servicios\/servicios-2\/","name":"Servicios - Allianz Ingenier\u00eda y Construcci\u00f3n","isPartOf":{"@id":"https:\/\/allianzingecon.cl\/#website"},"primaryImageOfPage":{"@id":"https:\/\/allianzingecon.cl\/index.php\/servicios\/servicios-2\/#primaryimage"},"image":{"@id":"https:\/\/allianzingecon.cl\/index.php\/servicios\/servicios-2\/#primaryimage"},"thumbnailUrl":"https:\/\/allianzingecon.cl\/wp-content\/uploads\/2024\/05\/building_icon_240433-300x300.png","datePublished":"2024-07-07T05:21:35+00:00","dateModified":"2024-07-12T20:09:00+00:00","breadcrumb":{"@id":"https:\/\/allianzingecon.cl\/index.php\/servicios\/servicios-2\/#breadcrumb"},"inLanguage":"es","potentialAction":[{"@type":"ReadAction","target":["https:\/\/allianzingecon.cl\/index.php\/servicios\/servicios-2\/"]}]},{"@type":"ImageObject","inLanguage":"es","@id":"https:\/\/allianzingecon.cl\/index.php\/servicios\/servicios-2\/#primaryimage","url":"https:\/\/allianzingecon.cl\/wp-content\/uploads\/2024\/05\/building_icon_240433.png","contentUrl":"https:\/\/allianzingecon.cl\/wp-content\/uploads\/2024\/05\/building_icon_240433.png","width":512,"height":512},{"@type":"BreadcrumbList","@id":"https:\/\/allianzingecon.cl\/index.php\/servicios\/servicios-2\/#breadcrumb","itemListElement":[{"@type":"ListItem","position":1,"name":"Portada","item":"https:\/\/allianzingecon.cl\/"},{"@type":"ListItem","position":2,"name":"Servicios","item":"https:\/\/allianzingecon.cl\/index.php\/servicios\/"},{"@type":"ListItem","position":3,"name":"Servicios"}]},{"@type":"WebSite","@id":"https:\/\/allianzingecon.cl\/#website","url":"https:\/\/allianzingecon.cl\/","name":"Allianz Ingenier\u00eda y Construcci\u00f3n","description":"","potentialAction":[{"@type":"SearchAction","target":{"@type":"EntryPoint","urlTemplate":"https:\/\/allianzingecon.cl\/?s={search_term_string}"},"query-input":{"@type":"PropertyValueSpecification","valueRequired":true,"valueName":"search_term_string"}}],"inLanguage":"es"}]}},"_links":{"self":[{"href":"https:\/\/allianzingecon.cl\/index.php\/wp-json\/wp\/v2\/pages\/126","targetHints":{"allow":["GET"]}}],"collection":[{"href":"https:\/\/allianzingecon.cl\/index.php\/wp-json\/wp\/v2\/pages"}],"about":[{"href":"https:\/\/allianzingecon.cl\/index.php\/wp-json\/wp\/v2\/types\/page"}],"author":[{"embeddable":true,"href":"https:\/\/allianzingecon.cl\/index.php\/wp-json\/wp\/v2\/users\/1"}],"replies":[{"embeddable":true,"href":"https:\/\/allianzingecon.cl\/index.php\/wp-json\/wp\/v2\/comments?post=126"}],"version-history":[{"count":9,"href":"https:\/\/allianzingecon.cl\/index.php\/wp-json\/wp\/v2\/pages\/126\/revisions"}],"predecessor-version":[{"id":153,"href":"https:\/\/allianzingecon.cl\/index.php\/wp-json\/wp\/v2\/pages\/126\/revisions\/153"}],"up":[{"embeddable":true,"href":"https:\/\/allianzingecon.cl\/index.php\/wp-json\/wp\/v2\/pages\/68"}],"wp:attachment":[{"href":"https:\/\/allianzingecon.cl\/index.php\/wp-json\/wp\/v2\/media?parent=126"}],"curies":[{"name":"wp","href":"https:\/\/api.w.org\/{rel}","templated":true}]}}